{"id":7,"date":"2018-04-18T17:03:22","date_gmt":"2018-04-18T15:03:22","guid":{"rendered":"https:\/\/t-marioli.alwaysdata.net\/?page_id=7"},"modified":"2021-06-03T16:49:28","modified_gmt":"2021-06-03T14:49:28","slug":"accueil","status":"publish","type":"page","link":"https:\/\/t-marioli.allinonestudios.fr\/","title":{"rendered":"Accueil"},"content":{"rendered":"<p>\t\t\t\t<span style=\"display: inline !important; float: none; background-color: transparent; color: rgba(0, 0, 0, 0.6); cursor: text; font-family: 'Roboto','Helvetica Neue',Arial,sans-serif; font-size: 16px; font-style: normal; font-variant: normal; font-weight: 400; letter-spacing: normal; orphans: 2; text-align: left; text-decoration: none; text-indent: 0px; text-transform: none; -webkit-text-stroke-width: 0px; white-space: normal; word-spacing: 0px;\">Bienvenue sur mon site Portfolio ! N&#8217;attendez pas un instant de plus pour d\u00e9couvrir mon profil, mes r\u00e9alisations, mes comp\u00e9tences et bien plus !<\/span><\/p>\n<article>\n<div>Un petit menu pour commencer :<\/div>\n<div style=\"display:inline-block;border:grey thin solid;width:150px;text-align:center;box-shadow:2px 2px 10px black;border-radius:5px;padding:50px;\"><a href=\"cv\/\">Mon CV<\/a><\/div>\n<div style=\"display:inline-block;border:grey thin solid;width:150px;text-align:center;box-shadow:2px 2px 10px black;border-radius:5px;padding:50px;\"><a href=\"realisations\/\">Mes R\u00e9alisations<\/a><\/div>\n<div style=\"display:inline-block;border:grey thin solid;width:150px;text-align:center;box-shadow:2px 2px 10px black;border-radius:5px;padding:50px;\"><a href=\"a-propos-de-moi\/\">Mon Profil<\/a><\/div>\n<div style=\"display:inline-block;border:grey thin solid;width:150px;text-align:center;box-shadow:2px 2px 10px black;border-radius:5px;padding:50px;\"><a href=\"contact\/\">Me Contacter<\/a><\/div>\n<\/article>\n","protected":false},"excerpt":{"rendered":"<p>Bienvenue sur mon site Portfolio ! N&#8217;attendez pas un instant de plus pour d\u00e9couvrir mon profil, mes r\u00e9alisations, mes comp\u00e9tences et bien plus ! Un petit menu pour commencer : Mon CV Mes R\u00e9alisations Mon Profil Me Contacter<\/p>\n","protected":false},"author":1,"featured_media":0,"parent":0,"menu_order":0,"comment_status":"closed","ping_status":"closed","template":"","meta":{"footnotes":""},"class_list":["post-7","page","type-page","status-publish","hentry","entry"],"_links":{"self":[{"href":"https:\/\/t-marioli.allinonestudios.fr\/index.php\/wp-json\/wp\/v2\/pages\/7","targetHints":{"allow":["GET"]}}],"collection":[{"href":"https:\/\/t-marioli.allinonestudios.fr\/index.php\/wp-json\/wp\/v2\/pages"}],"about":[{"href":"https:\/\/t-marioli.allinonestudios.fr\/index.php\/wp-json\/wp\/v2\/types\/page"}],"author":[{"embeddable":true,"href":"https:\/\/t-marioli.allinonestudios.fr\/index.php\/wp-json\/wp\/v2\/users\/1"}],"replies":[{"embeddable":true,"href":"https:\/\/t-marioli.allinonestudios.fr\/index.php\/wp-json\/wp\/v2\/comments?post=7"}],"version-history":[{"count":1,"href":"https:\/\/t-marioli.allinonestudios.fr\/index.php\/wp-json\/wp\/v2\/pages\/7\/revisions"}],"predecessor-version":[{"id":679,"href":"https:\/\/t-marioli.allinonestudios.fr\/index.php\/wp-json\/wp\/v2\/pages\/7\/revisions\/679"}],"wp:attachment":[{"href":"https:\/\/t-marioli.allinonestudios.fr\/index.php\/wp-json\/wp\/v2\/media?parent=7"}],"curies":[{"name":"wp","href":"https:\/\/api.w.org\/{rel}","templated":true}]}}